{"id":448,"date":"2023-05-31T02:01:40","date_gmt":"2023-05-31T02:01:40","guid":{"rendered":"https:\/\/gaiaelsalvador.org\/?page_id=448"},"modified":"2024-06-14T04:17:38","modified_gmt":"2024-06-14T04:17:38","slug":"ejes-estrategicos-y-programas","status":"publish","type":"page","link":"https:\/\/gaiaelsalvador.org\/?page_id=448","title":{"rendered":"EJES ESTRATEGICOS Y PROGRAMAS"},"content":{"rendered":"\t\t<div data-elementor-type=\"wp-page\" data-elementor-id=\"448\" class=\"elementor elementor-448\">\n\t\t\t\t\t\t<section class=\"elementor-section elementor-top-section elementor-element elementor-element-a28c632 elementor-section-boxed elementor-section-height-default elementor-section-height-default\" data-id=\"a28c632\" data-element_type=\"section\">\n\t\t\t\t\t\t<div class=\"elementor-container elementor-column-gap-default\">\n\t\t\t\t\t<div class=\"elementor-column elementor-col-100 elementor-top-column elementor-element elementor-element-14bfe1a\" data-id=\"14bfe1a\" data-element_type=\"column\">\n\t\t\t<div class=\"elementor-widget-wrap elementor-element-populated\">\n\t\t\t\t\t\t<div class=\"elementor-element elementor-element-b07d7c5 elementor-widget elementor-widget-heading\" data-id=\"b07d7c5\" data-element_type=\"widget\" data-widget_type=\"heading.default\">\n\t\t\t\t<div class=\"elementor-widget-container\">\n\t\t\t\t\t<h2 class=\"elementor-heading-title elementor-size-default\">EJES ESTRATEGICOS<\/h2>\t\t\t\t<\/div>\n\t\t\t\t<\/div>\n\t\t\t\t\t<\/div>\n\t\t<\/div>\n\t\t\t\t\t<\/div>\n\t\t<\/section>\n\t\t\t\t<section class=\"elementor-section elementor-top-section elementor-element elementor-element-3766304b elementor-section-boxed elementor-section-height-default elementor-section-height-default\" data-id=\"3766304b\" data-element_type=\"section\">\n\t\t\t\t\t\t<div class=\"elementor-container elementor-column-gap-default\">\n\t\t\t\t\t<div class=\"elementor-column elementor-col-100 elementor-top-column elementor-element elementor-element-11b5c18b\" data-id=\"11b5c18b\" data-element_type=\"column\">\n\t\t\t<div class=\"elementor-widget-wrap elementor-element-populated\">\n\t\t\t\t\t\t<div class=\"elementor-element elementor-element-26d8f6dc elementor-widget elementor-widget-text-editor\" data-id=\"26d8f6dc\" data-element_type=\"widget\" data-widget_type=\"text-editor.default\">\n\t\t\t\t<div class=\"elementor-widget-container\">\n\t\t\t\t\t\t\t\t\t<p><\/p>\n<ol>\n<li>Contribuir a desarrollar cultura ambiental a trav\u00e9s de procesos educativos innovadores.<\/li>\n<li>Impulsar la participaci\u00f3n de la sociedad para la conservaci\u00f3n, manejo y aprovechamiento sustentable de los Bienes Naturales comunes.\u00a0<\/li>\n<li>Gesti\u00f3n para la conservaci\u00f3n y manejo integral de las \u00c1reas Protegidas, \u00c1reas de Conservaci\u00f3n, \u00c1reas Naturales y zonas conexas, Reservas de Biosfera y Sitios Ramsar.\u00a0<\/li>\n<li>Impulsar la conectividad entre \u00c1reas Naturales para fortalecer El Corredor Biol\u00f3gico Nacional, El corredor Biol\u00f3gico Trinacional Montecristo y Corredor Biol\u00f3gico Mesoamericano.\u00a0<\/li>\n<li>Potenciar y fortalecer la participaci\u00f3n activa y protag\u00f3nica en la gesti\u00f3n ambiental de la mujer y ni\u00f1ez.\u00a0<\/li>\n<li>Implementaci\u00f3n de procesos de Investigaci\u00f3n aplicada en las \u00c1reas de Conservaci\u00f3n, \u00c1reas Naturales, Corredores biol\u00f3gicos.\u00a0<\/li>\n<li>Desarrollo de iniciativas productivas dirigidas hacia el uso sustentable de los bienes naturales para mejorar la calidad de vida de la poblaci\u00f3n.\u00a0<\/li>\n<li>Impulsar la utilizaci\u00f3n de tecnolog\u00edas limpias para apoyar a solventar las necesidades b\u00e1sicas de la poblaci\u00f3n.\u00a0<\/li>\n<li>Desarrollar las acciones necesarias para el fortalecimiento de la organizaci\u00f3n para la concreci\u00f3n de sus fines.\u00a0<\/li>\n<li>Contribuir al posicionamiento de la agenda verde como eje transversal y visi\u00f3n de pa\u00eds.<\/li>\n<\/ol>\n<p><\/p>\n<p><\/p>\n<p><\/p>\n<p><\/p>\n<p><\/p>\n<p><\/p>\n<p><\/p>\n<p><\/p>\n<p><\/p>\n<p><\/p>\n<p><\/p>\n<p><\/p>\n<p><\/p>\n<p><\/p>\n<p><\/p>\n<p><\/p>\n<p><\/p>\n<p><\/p>\n<p><\/p>\n<p><\/p>\n<p><\/p>\n<p><\/p>\n<div class=\"wp-block-group\">\n<p><\/p>\n<p><!-- \/wp:list --><\/p>\n<\/div>\n<p><!-- \/wp:group --><\/p>\t\t\t\t\t\t\t\t<\/div>\n\t\t\t\t<\/div>\n\t\t\t\t\t<\/div>\n\t\t<\/div>\n\t\t\t\t\t<\/div>\n\t\t<\/section>\n\t\t\t\t<section class=\"elementor-section elementor-top-section elementor-element elementor-element-11c886d elementor-section-boxed elementor-section-height-default elementor-section-height-default\" data-id=\"11c886d\" data-element_type=\"section\">\n\t\t\t\t\t\t<div class=\"elementor-container elementor-column-gap-default\">\n\t\t\t\t\t<div class=\"elementor-column elementor-col-100 elementor-top-column elementor-element elementor-element-24accb7\" data-id=\"24accb7\" data-element_type=\"column\">\n\t\t\t<div class=\"elementor-widget-wrap elementor-element-populated\">\n\t\t\t\t\t\t<div class=\"elementor-element elementor-element-556d966 elementor-widget elementor-widget-heading\" data-id=\"556d966\" data-element_type=\"widget\" data-widget_type=\"heading.default\">\n\t\t\t\t<div class=\"elementor-widget-container\">\n\t\t\t\t\t<h2 class=\"elementor-heading-title elementor-size-default\">PROGRAMAS<\/h2>\t\t\t\t<\/div>\n\t\t\t\t<\/div>\n\t\t\t\t\t<\/div>\n\t\t<\/div>\n\t\t\t\t\t<\/div>\n\t\t<\/section>\n\t\t\t\t<section class=\"elementor-section elementor-top-section elementor-element elementor-element-23af003 elementor-section-boxed elementor-section-height-default elementor-section-height-default\" data-id=\"23af003\" data-element_type=\"section\">\n\t\t\t\t\t\t<div class=\"elementor-container elementor-column-gap-default\">\n\t\t\t\t\t<div class=\"elementor-column elementor-col-100 elementor-top-column elementor-element elementor-element-502dc58\" data-id=\"502dc58\" data-element_type=\"column\">\n\t\t\t<div class=\"elementor-widget-wrap elementor-element-populated\">\n\t\t\t\t\t\t<div class=\"elementor-element elementor-element-89f05fc elementor-widget elementor-widget-text-editor\" data-id=\"89f05fc\" data-element_type=\"widget\" data-widget_type=\"text-editor.default\">\n\t\t\t\t<div class=\"elementor-widget-container\">\n\t\t\t\t\t\t\t\t\t<ol>\n<li>Educaci\u00f3n Ambiental.\u00a0<\/li>\n<li>\u00c1reas Naturales Protegidas, conectividad y territorios protegidos.<\/li>\n<li>Desarrollo socio ambiental.<\/li>\n<li>Gaia Tierra de Ni\u00f1ez.<\/li>\n<li><a href=\"https:\/\/gaiaelsalvador.org\/?page_id=738\">Voluntariado Ambiental<\/a>.\u00a0<\/li>\n<li>Investigaci\u00f3n aplicada Gaia-Ocelotl.\u00a0<\/li>\n<\/ol>\t\t\t\t\t\t\t\t<\/div>\n\t\t\t\t<\/div>\n\t\t\t\t\t<\/div>\n\t\t<\/div>\n\t\t\t\t\t<\/div>\n\t\t<\/section>\n\t\t\t\t<\/div>\n\t\t","protected":false},"excerpt":{"rendered":"<p>EJES ESTRATEGICOS Contribuir a desarrollar cultura ambiental a trav\u00e9s de procesos educativos innovadores. Impulsar la participaci\u00f3n de la sociedad para la conservaci\u00f3n, manejo y aprovechamiento sustentable de los Bienes Naturales comunes.\u00a0 Gesti\u00f3n para la conservaci\u00f3n y manejo integral de las \u00c1reas Protegidas, \u00c1reas de Conservaci\u00f3n, \u00c1reas Naturales y zonas conexas, Reservas de Biosfera y Sitios &hellip; <\/p>\n<p class=\"link-more\"><a href=\"https:\/\/gaiaelsalvador.org\/?page_id=448\" class=\"more-link\">Leer m\u00e1s<span class=\"screen-reader-text\"> \u00abEJES ESTRATEGICOS Y PROGRAMAS\u00bb<\/span><\/a><\/p>\n","protected":false},"author":1,"featured_media":833,"parent":0,"menu_order":0,"comment_status":"closed","ping_status":"closed","template":"","meta":{"give_campaign_id":0,"_eb_attr":"","footnotes":""},"class_list":["post-448","page","type-page","status-publish","has-post-thumbnail","hentry"],"campaignId":"","rttpg_featured_image_url":{"full":["https:\/\/gaiaelsalvador.org\/wp-content\/uploads\/2024\/06\/intern2.png",2000,726,false],"landscape":["https:\/\/gaiaelsalvador.org\/wp-content\/uploads\/2024\/06\/intern2.png",2000,726,false],"portraits":["https:\/\/gaiaelsalvador.org\/wp-content\/uploads\/2024\/06\/intern2.png",2000,726,false],"thumbnail":["https:\/\/gaiaelsalvador.org\/wp-content\/uploads\/2024\/06\/intern2-150x150.png",150,150,true],"medium":["https:\/\/gaiaelsalvador.org\/wp-content\/uploads\/2024\/06\/intern2-300x109.png",300,109,true],"large":["https:\/\/gaiaelsalvador.org\/wp-content\/uploads\/2024\/06\/intern2-1024x372.png",950,345,true],"1536x1536":["https:\/\/gaiaelsalvador.org\/wp-content\/uploads\/2024\/06\/intern2-1536x558.png",1536,558,true],"2048x2048":["https:\/\/gaiaelsalvador.org\/wp-content\/uploads\/2024\/06\/intern2.png",2000,726,false],"inspiro-featured-image":["https:\/\/gaiaelsalvador.org\/wp-content\/uploads\/2024\/06\/intern2.png",2000,726,false],"inspiro-loop":["https:\/\/gaiaelsalvador.org\/wp-content\/uploads\/2024\/06\/intern2-950x320.png",950,320,true],"inspiro-loop@2x":["https:\/\/gaiaelsalvador.org\/wp-content\/uploads\/2024\/06\/intern2-1900x640.png",1900,640,true]},"rttpg_author":{"display_name":"javierhernandez.m@hotmail.com","author_link":"https:\/\/gaiaelsalvador.org\/?author=1"},"rttpg_comment":0,"rttpg_category":null,"rttpg_excerpt":"EJES ESTRATEGICOS Contribuir a desarrollar cultura ambiental a trav\u00e9s de procesos educativos innovadores. Impulsar la participaci\u00f3n de la sociedad para la conservaci\u00f3n, manejo y aprovechamiento sustentable de los Bienes Naturales comunes.\u00a0 Gesti\u00f3n para la conservaci\u00f3n y manejo integral de las \u00c1reas Protegidas, \u00c1reas de Conservaci\u00f3n, \u00c1reas Naturales y zonas conexas, Reservas de Biosfera y Sitios&hellip;","_links":{"self":[{"href":"https:\/\/gaiaelsalvador.org\/index.php?rest_route=\/wp\/v2\/pages\/448","targetHints":{"allow":["GET"]}}],"collection":[{"href":"https:\/\/gaiaelsalvador.org\/index.php?rest_route=\/wp\/v2\/pages"}],"about":[{"href":"https:\/\/gaiaelsalvador.org\/index.php?rest_route=\/wp\/v2\/types\/page"}],"author":[{"embeddable":true,"href":"https:\/\/gaiaelsalvador.org\/index.php?rest_route=\/wp\/v2\/users\/1"}],"replies":[{"embeddable":true,"href":"https:\/\/gaiaelsalvador.org\/index.php?rest_route=%2Fwp%2Fv2%2Fcomments&post=448"}],"version-history":[{"count":17,"href":"https:\/\/gaiaelsalvador.org\/index.php?rest_route=\/wp\/v2\/pages\/448\/revisions"}],"predecessor-version":[{"id":831,"href":"https:\/\/gaiaelsalvador.org\/index.php?rest_route=\/wp\/v2\/pages\/448\/revisions\/831"}],"wp:featuredmedia":[{"embeddable":true,"href":"https:\/\/gaiaelsalvador.org\/index.php?rest_route=\/wp\/v2\/media\/833"}],"wp:attachment":[{"href":"https:\/\/gaiaelsalvador.org\/index.php?rest_route=%2Fwp%2Fv2%2Fmedia&parent=448"}],"curies":[{"name":"wp","href":"https:\/\/api.w.org\/{rel}","templated":true}]}}