{"id":450,"date":"2023-05-25T04:17:21","date_gmt":"2023-05-25T04:17:21","guid":{"rendered":"https:\/\/gaiaelsalvador.org\/?page_id=450"},"modified":"2024-06-14T04:20:58","modified_gmt":"2024-06-14T04:20:58","slug":"plataformas-y-alianzas","status":"publish","type":"page","link":"https:\/\/gaiaelsalvador.org\/?page_id=450","title":{"rendered":"Plataformas y Alianzas"},"content":{"rendered":"\t\t<div data-elementor-type=\"wp-page\" data-elementor-id=\"450\" class=\"elementor elementor-450\">\n\t\t\t\t\t\t<section class=\"elementor-section elementor-top-section elementor-element elementor-element-0e6635b elementor-section-boxed elementor-section-height-default elementor-section-height-default\" data-id=\"0e6635b\" data-element_type=\"section\">\n\t\t\t\t\t\t<div class=\"elementor-container elementor-column-gap-default\">\n\t\t\t\t\t<div class=\"elementor-column elementor-col-100 elementor-top-column elementor-element elementor-element-ccc0d6f\" data-id=\"ccc0d6f\" data-element_type=\"column\">\n\t\t\t<div class=\"elementor-widget-wrap elementor-element-populated\">\n\t\t\t\t\t\t<div class=\"elementor-element elementor-element-339a79a elementor-widget elementor-widget-text-editor\" data-id=\"339a79a\" data-element_type=\"widget\" data-widget_type=\"text-editor.default\">\n\t\t\t\t<div class=\"elementor-widget-container\">\n\t\t\t\t\t\t\t\t\t<p>La Asociaci\u00f3n Gaia El Salvador forma parte de las siguientes Plataformas y Alianzas a nivel nacional e internacional:<\/p>\t\t\t\t\t\t\t\t<\/div>\n\t\t\t\t<\/div>\n\t\t\t\t\t<\/div>\n\t\t<\/div>\n\t\t\t\t\t<\/div>\n\t\t<\/section>\n\t\t\t\t<section class=\"elementor-section elementor-top-section elementor-element elementor-element-88a7202 elementor-section-boxed elementor-section-height-default elementor-section-height-default\" data-id=\"88a7202\" data-element_type=\"section\">\n\t\t\t\t\t\t<div class=\"elementor-container elementor-column-gap-default\">\n\t\t\t\t\t<div class=\"elementor-column elementor-col-100 elementor-top-column elementor-element elementor-element-b8c19d3\" data-id=\"b8c19d3\" data-element_type=\"column\">\n\t\t\t<div class=\"elementor-widget-wrap elementor-element-populated\">\n\t\t\t\t\t\t<div class=\"elementor-element elementor-element-76b2b55 elementor-widget elementor-widget-heading\" data-id=\"76b2b55\" data-element_type=\"widget\" data-widget_type=\"heading.default\">\n\t\t\t\t<div class=\"elementor-widget-container\">\n\t\t\t\t\t<h2 class=\"elementor-heading-title elementor-size-default\">PLATAFORMAS<\/h2>\t\t\t\t<\/div>\n\t\t\t\t<\/div>\n\t\t\t\t\t<\/div>\n\t\t<\/div>\n\t\t\t\t\t<\/div>\n\t\t<\/section>\n\t\t\t\t<section class=\"elementor-section elementor-top-section elementor-element elementor-element-59e48061 elementor-section-boxed elementor-section-height-default elementor-section-height-default\" data-id=\"59e48061\" data-element_type=\"section\">\n\t\t\t\t\t\t<div class=\"elementor-container elementor-column-gap-default\">\n\t\t\t\t\t<div class=\"elementor-column elementor-col-100 elementor-top-column elementor-element elementor-element-707eff1d\" data-id=\"707eff1d\" data-element_type=\"column\">\n\t\t\t<div class=\"elementor-widget-wrap elementor-element-populated\">\n\t\t\t\t\t\t<div class=\"elementor-element elementor-element-4d68c44b elementor-widget elementor-widget-text-editor\" data-id=\"4d68c44b\" data-element_type=\"widget\" data-widget_type=\"text-editor.default\">\n\t\t\t\t<div class=\"elementor-widget-container\">\n\t\t\t\t\t\t\t\t\t\n<ul class=\"wp-block-list\">\n<li>Red Global de Tierra de Ni\u00f1ez.<\/li>\n<li>Comit\u00e9 de Defensa y Gesti\u00f3n de la Reserva de Biosfera Transfronteriza Trifinio Fraternidad El Salvador.<\/li>\n\n<li>Comit\u00e9 Gestor del Corredor Biol\u00f3gico Trinacional Montecristo<\/li>\n\n<li>Mesa de Cambio Clim\u00e1tico de El Salvador.<\/li>\n\n<li>Alianza Para a Conservaci\u00f3n de la Regi\u00f3n Trifinio<\/li>\n\n<li>Asociaci\u00f3n Mundial del Agua<\/li>\n\n<li>Alianza Ambiental de El Salvador.<\/li>\n<\/ul>\n\n<ul><\/ul>\n<!-- \/wp:list -->\t\t\t\t\t\t\t\t<\/div>\n\t\t\t\t<\/div>\n\t\t\t\t\t<\/div>\n\t\t<\/div>\n\t\t\t\t\t<\/div>\n\t\t<\/section>\n\t\t\t\t<section class=\"elementor-section elementor-top-section elementor-element elementor-element-0ffdeb0 elementor-section-boxed elementor-section-height-default elementor-section-height-default\" data-id=\"0ffdeb0\" data-element_type=\"section\">\n\t\t\t\t\t\t<div class=\"elementor-container elementor-column-gap-default\">\n\t\t\t\t\t<div class=\"elementor-column elementor-col-100 elementor-top-column elementor-element elementor-element-f278d31\" data-id=\"f278d31\" data-element_type=\"column\">\n\t\t\t<div class=\"elementor-widget-wrap elementor-element-populated\">\n\t\t\t\t\t\t<div class=\"elementor-element elementor-element-011ec9f elementor-widget elementor-widget-heading\" data-id=\"011ec9f\" data-element_type=\"widget\" data-widget_type=\"heading.default\">\n\t\t\t\t<div class=\"elementor-widget-container\">\n\t\t\t\t\t<h2 class=\"elementor-heading-title elementor-size-default\">ALIANZAS<\/h2>\t\t\t\t<\/div>\n\t\t\t\t<\/div>\n\t\t\t\t\t<\/div>\n\t\t<\/div>\n\t\t\t\t\t<\/div>\n\t\t<\/section>\n\t\t\t\t<section class=\"elementor-section elementor-top-section elementor-element elementor-element-1e659b6 elementor-section-boxed elementor-section-height-default elementor-section-height-default\" data-id=\"1e659b6\" data-element_type=\"section\">\n\t\t\t\t\t\t<div class=\"elementor-container elementor-column-gap-default\">\n\t\t\t\t\t<div class=\"elementor-column elementor-col-100 elementor-top-column elementor-element elementor-element-aa98bb6\" data-id=\"aa98bb6\" data-element_type=\"column\">\n\t\t\t<div class=\"elementor-widget-wrap elementor-element-populated\">\n\t\t\t\t\t\t<div class=\"elementor-element elementor-element-db6ad54 elementor-widget elementor-widget-text-editor\" data-id=\"db6ad54\" data-element_type=\"widget\" data-widget_type=\"text-editor.default\">\n\t\t\t\t<div class=\"elementor-widget-container\">\n\t\t\t\t\t\t\t\t\t<ul>\n<li>Friedrich-Ebert-Stiftung, Am\u00e9rica Central<\/li>\n<li>Ministerio de Educaci\u00f3n &#8211; MINED.<\/li>\n<li><a href=\"https:\/\/www.google.com\/url?q=https%3A%2F%2Fmx.boell.org%2Fes&amp;sa=D&amp;sntz=1&amp;usg=AOvVaw0qbJ2R2IAmX3QrIymB85Io\" target=\"_blank\" rel=\"noreferrer noopener\">Fundaci\u00f3n Heinrich Boll<\/a><\/li>\n<li><a href=\"https:\/\/www.google.com\/url?q=https%3A%2F%2Fwww.ufg.edu.sv%2F&amp;sa=D&amp;sntz=1&amp;usg=AOvVaw12jRpUirIxYFmQCEpSu52m\" target=\"_blank\" rel=\"noreferrer noopener\">Universidad Francisco Gavidia<\/a><\/li>\n<li><a href=\"http:\/\/www.google.com\/url?q=http%3A%2F%2Fewb-detroit.org%2F&amp;sa=D&amp;sntz=1&amp;usg=AOvVaw1oGyaIakoIgv7bjkMfG85s\" target=\"_blank\" rel=\"noreferrer noopener\">Engineers Without Borders \u2013 Detroit<\/a><\/li>\n<\/ul>\t\t\t\t\t\t\t\t<\/div>\n\t\t\t\t<\/div>\n\t\t\t\t\t<\/div>\n\t\t<\/div>\n\t\t\t\t\t<\/div>\n\t\t<\/section>\n\t\t\t\t<\/div>\n\t\t","protected":false},"excerpt":{"rendered":"<p>La Asociaci\u00f3n Gaia El Salvador forma parte de las siguientes Plataformas y Alianzas a nivel nacional e internacional: PLATAFORMAS ALIANZAS Friedrich-Ebert-Stiftung, Am\u00e9rica Central Ministerio de Educaci\u00f3n &#8211; MINED. Fundaci\u00f3n Heinrich Boll Universidad Francisco Gavidia Engineers Without Borders \u2013 Detroit<\/p>\n","protected":false},"author":1,"featured_media":834,"parent":0,"menu_order":0,"comment_status":"closed","ping_status":"closed","template":"","meta":{"give_campaign_id":0,"_eb_attr":"","footnotes":""},"class_list":["post-450","page","type-page","status-publish","has-post-thumbnail","hentry"],"campaignId":"","rttpg_featured_image_url":{"full":["https:\/\/gaiaelsalvador.org\/wp-content\/uploads\/2024\/06\/intern3.png",2000,726,false],"landscape":["https:\/\/gaiaelsalvador.org\/wp-content\/uploads\/2024\/06\/intern3.png",2000,726,false],"portraits":["https:\/\/gaiaelsalvador.org\/wp-content\/uploads\/2024\/06\/intern3.png",2000,726,false],"thumbnail":["https:\/\/gaiaelsalvador.org\/wp-content\/uploads\/2024\/06\/intern3-150x150.png",150,150,true],"medium":["https:\/\/gaiaelsalvador.org\/wp-content\/uploads\/2024\/06\/intern3-300x109.png",300,109,true],"large":["https:\/\/gaiaelsalvador.org\/wp-content\/uploads\/2024\/06\/intern3-1024x372.png",950,345,true],"1536x1536":["https:\/\/gaiaelsalvador.org\/wp-content\/uploads\/2024\/06\/intern3-1536x558.png",1536,558,true],"2048x2048":["https:\/\/gaiaelsalvador.org\/wp-content\/uploads\/2024\/06\/intern3.png",2000,726,false],"inspiro-featured-image":["https:\/\/gaiaelsalvador.org\/wp-content\/uploads\/2024\/06\/intern3.png",2000,726,false],"inspiro-loop":["https:\/\/gaiaelsalvador.org\/wp-content\/uploads\/2024\/06\/intern3-950x320.png",950,320,true],"inspiro-loop@2x":["https:\/\/gaiaelsalvador.org\/wp-content\/uploads\/2024\/06\/intern3-1900x640.png",1900,640,true]},"rttpg_author":{"display_name":"javierhernandez.m@hotmail.com","author_link":"https:\/\/gaiaelsalvador.org\/?author=1"},"rttpg_comment":0,"rttpg_category":null,"rttpg_excerpt":"La Asociaci\u00f3n Gaia El Salvador forma parte de las siguientes Plataformas y Alianzas a nivel nacional e internacional: PLATAFORMAS ALIANZAS Friedrich-Ebert-Stiftung, Am\u00e9rica Central Ministerio de Educaci\u00f3n &#8211; MINED. Fundaci\u00f3n Heinrich Boll Universidad Francisco Gavidia Engineers Without Borders \u2013 Detroit","_links":{"self":[{"href":"https:\/\/gaiaelsalvador.org\/index.php?rest_route=\/wp\/v2\/pages\/450","targetHints":{"allow":["GET"]}}],"collection":[{"href":"https:\/\/gaiaelsalvador.org\/index.php?rest_route=\/wp\/v2\/pages"}],"about":[{"href":"https:\/\/gaiaelsalvador.org\/index.php?rest_route=\/wp\/v2\/types\/page"}],"author":[{"embeddable":true,"href":"https:\/\/gaiaelsalvador.org\/index.php?rest_route=\/wp\/v2\/users\/1"}],"replies":[{"embeddable":true,"href":"https:\/\/gaiaelsalvador.org\/index.php?rest_route=%2Fwp%2Fv2%2Fcomments&post=450"}],"version-history":[{"count":9,"href":"https:\/\/gaiaelsalvador.org\/index.php?rest_route=\/wp\/v2\/pages\/450\/revisions"}],"predecessor-version":[{"id":835,"href":"https:\/\/gaiaelsalvador.org\/index.php?rest_route=\/wp\/v2\/pages\/450\/revisions\/835"}],"wp:featuredmedia":[{"embeddable":true,"href":"https:\/\/gaiaelsalvador.org\/index.php?rest_route=\/wp\/v2\/media\/834"}],"wp:attachment":[{"href":"https:\/\/gaiaelsalvador.org\/index.php?rest_route=%2Fwp%2Fv2%2Fmedia&parent=450"}],"curies":[{"name":"wp","href":"https:\/\/api.w.org\/{rel}","templated":true}]}}