{"id":455,"date":"2023-05-29T01:35:15","date_gmt":"2023-05-29T01:35:15","guid":{"rendered":"https:\/\/gaiaelsalvador.org\/?page_id=455"},"modified":"2024-06-14T04:34:05","modified_gmt":"2024-06-14T04:34:05","slug":"contactanos","status":"publish","type":"page","link":"https:\/\/gaiaelsalvador.org\/?page_id=455","title":{"rendered":"Cont\u00e1ctanos"},"content":{"rendered":"\t\t<div data-elementor-type=\"wp-page\" data-elementor-id=\"455\" class=\"elementor elementor-455\">\n\t\t\t\t\t\t<section class=\"elementor-section elementor-top-section elementor-element elementor-element-cbec0a3 elementor-section-boxed elementor-section-height-default elementor-section-height-default\" data-id=\"cbec0a3\" data-element_type=\"section\">\n\t\t\t\t\t\t<div class=\"elementor-container elementor-column-gap-default\">\n\t\t\t\t\t<div class=\"elementor-column elementor-col-50 elementor-top-column elementor-element elementor-element-03a4a50\" data-id=\"03a4a50\" data-element_type=\"column\">\n\t\t\t<div class=\"elementor-widget-wrap elementor-element-populated\">\n\t\t\t\t\t\t<div class=\"elementor-element elementor-element-157cba0 elementor-widget__width-initial elementor-widget elementor-widget-text-editor\" data-id=\"157cba0\" data-element_type=\"widget\" data-widget_type=\"text-editor.default\">\n\t\t\t\t<div class=\"elementor-widget-container\">\n\t\t\t\t\t\t\t\t\t<p>\u00a0<\/p><p>Direcci\u00f3n: Calle La Mascota, edificio #533\u00a0<\/p><p>Correo electr\u00f3nico: <a style=\"background-color: #ffffff;\" href=\"mailto:gaiaelsalvador@gmail.com\" target=\"_blank\" rel=\"noreferrer noopener\">contactanos@gaiaelsalvador.org<\/a><\/p><p>Tel\u00e9fonos: (503)\u00a02522 2854\u00a0\u00a0; (503) 7556-6421<\/p><p>S\u00edguenos a trav\u00e9s de nuestras redes sociales.<\/p><div class=\"wp-block-group\"><div class=\"wp-block-group\"><div class=\"wp-block-essential-blocks-google-map\"><div class=\"eb-parent-wrapper eb-parent-eb-google-map-7smtpki \">\u00a0<\/div><\/div><\/div><\/div>\t\t\t\t\t\t\t\t<\/div>\n\t\t\t\t<\/div>\n\t\t\t\t\t<\/div>\n\t\t<\/div>\n\t\t\t\t<div class=\"elementor-column elementor-col-50 elementor-top-column elementor-element elementor-element-2860f57\" data-id=\"2860f57\" data-element_type=\"column\">\n\t\t\t<div class=\"elementor-widget-wrap elementor-element-populated\">\n\t\t\t\t\t\t<div class=\"elementor-element elementor-element-18b8962 elementor-widget elementor-widget-google_maps\" data-id=\"18b8962\" data-element_type=\"widget\" data-widget_type=\"google_maps.default\">\n\t\t\t\t<div class=\"elementor-widget-container\">\n\t\t\t\t\t\t\t<div class=\"elementor-custom-embed\">\n\t\t\t<iframe loading=\"lazy\"\n\t\t\t\t\tsrc=\"https:\/\/maps.google.com\/maps?q=calle%20la%20mascota%20edif%20533%2C%20San%20Salvador&#038;t=m&#038;z=10&#038;output=embed&#038;iwloc=near\"\n\t\t\t\t\ttitle=\"calle la mascota edif 533, San Salvador\"\n\t\t\t\t\taria-label=\"calle la mascota edif 533, San Salvador\"\n\t\t\t><\/iframe>\n\t\t<\/div>\n\t\t\t\t\t\t<\/div>\n\t\t\t\t<\/div>\n\t\t\t\t\t<\/div>\n\t\t<\/div>\n\t\t\t\t\t<\/div>\n\t\t<\/section>\n\t\t\t\t<section class=\"elementor-section elementor-top-section elementor-element elementor-element-64268e0 elementor-section-boxed elementor-section-height-default elementor-section-height-default\" data-id=\"64268e0\" data-element_type=\"section\">\n\t\t\t\t\t\t<div class=\"elementor-container elementor-column-gap-default\">\n\t\t\t\t\t<div class=\"elementor-column elementor-col-100 elementor-top-column elementor-element elementor-element-b4c4b26\" data-id=\"b4c4b26\" data-element_type=\"column\">\n\t\t\t<div class=\"elementor-widget-wrap elementor-element-populated\">\n\t\t\t\t\t\t<div class=\"elementor-element elementor-element-b278f81 elementor-widget elementor-widget-text-editor\" data-id=\"b278f81\" data-element_type=\"widget\" data-widget_type=\"text-editor.default\">\n\t\t\t\t<div class=\"elementor-widget-container\">\n\t\t\t\t\t\t\t\t\t<p>Completa el siguiente formulario para podernos poner en contacto contigo.<\/p>\t\t\t\t\t\t\t\t<\/div>\n\t\t\t\t<\/div>\n\t\t\t\t\t<\/div>\n\t\t<\/div>\n\t\t\t\t\t<\/div>\n\t\t<\/section>\n\t\t\t\t<section class=\"elementor-section elementor-top-section elementor-element elementor-element-a591bc8 elementor-section-boxed elementor-section-height-default elementor-section-height-default\" data-id=\"a591bc8\" data-element_type=\"section\">\n\t\t\t\t\t\t<div class=\"elementor-container elementor-column-gap-default\">\n\t\t\t\t\t<div class=\"elementor-column elementor-col-100 elementor-top-column elementor-element elementor-element-fcbb367\" data-id=\"fcbb367\" data-element_type=\"column\">\n\t\t\t<div class=\"elementor-widget-wrap elementor-element-populated\">\n\t\t\t\t\t\t<div class=\"elementor-element elementor-element-69e855c elementor-widget elementor-widget-wpforms\" data-id=\"69e855c\" data-element_type=\"widget\" data-widget_type=\"wpforms.default\">\n\t\t\t\t<div class=\"elementor-widget-container\">\n\t\t\t\t\t<div class=\"wpforms-container wpforms-container-full wpforms-render-modern\" id=\"wpforms-633\"><form id=\"wpforms-form-633\" class=\"wpforms-validate wpforms-form wpforms-ajax-form\" data-formid=\"633\" method=\"post\" enctype=\"multipart\/form-data\" action=\"\/index.php?rest_route=%2Fwp%2Fv2%2Fpages%2F455\" data-token=\"b4e68c55048ba3829539b7e8c0b642f3\" data-token-time=\"1775599898\"><noscript class=\"wpforms-error-noscript\">Por favor, activa JavaScript en tu navegador para completar este formulario.<\/noscript><div id=\"wpforms-error-noscript\" style=\"display: none;\">Por favor, activa JavaScript en tu navegador para completar este formulario.<\/div><div class=\"wpforms-field-container\"><div id=\"wpforms-633-field_0-container\" class=\"wpforms-field wpforms-field-name\" data-field-id=\"0\"><fieldset><legend class=\"wpforms-field-label\">Nombre <span class=\"wpforms-required-label\" aria-hidden=\"true\">*<\/span><\/legend><div class=\"wpforms-field-row wpforms-field-medium\"><div class=\"wpforms-field-row-block wpforms-first wpforms-one-half\"><input type=\"text\" id=\"wpforms-633-field_0\" class=\"wpforms-field-name-first wpforms-field-required\" name=\"wpforms[fields][0][first]\" aria-errormessage=\"wpforms-633-field_0-error\" required><label for=\"wpforms-633-field_0\" class=\"wpforms-field-sublabel after\">Nombre<\/label><\/div><div class=\"wpforms-field-row-block wpforms-one-half\"><input type=\"text\" id=\"wpforms-633-field_0-last\" class=\"wpforms-field-name-last wpforms-field-required\" name=\"wpforms[fields][0][last]\" aria-errormessage=\"wpforms-633-field_0-last-error\" required><label for=\"wpforms-633-field_0-last\" class=\"wpforms-field-sublabel after\">Apellidos<\/label><\/div><\/div><\/fieldset><\/div><div id=\"wpforms-633-field_3-container\" class=\"wpforms-field wpforms-field-number\" data-field-id=\"3\"><label class=\"wpforms-field-label\" for=\"wpforms-633-field_3\">Tel\u00e9fono<\/label><input type=\"number\" id=\"wpforms-633-field_3\" class=\"wpforms-field-medium\" name=\"wpforms[fields][3]\" step=\"any\" aria-errormessage=\"wpforms-633-field_3-error\" ><\/div>\t\t<div id=\"wpforms-633-field_4-container\"\n\t\t\tclass=\"wpforms-field wpforms-field-text\"\n\t\t\tdata-field-type=\"text\"\n\t\t\tdata-field-id=\"4\"\n\t\t\t>\n\t\t\t<label class=\"wpforms-field-label\" for=\"wpforms-633-field_4\" >Tel\u00e9fono mensaje electr\u00f3nico<\/label>\n\t\t\t<input type=\"text\" id=\"wpforms-633-field_4\" class=\"wpforms-field-medium\" name=\"wpforms[fields][4]\" >\n\t\t<\/div>\n\t\t<div id=\"wpforms-633-field_1-container\" class=\"wpforms-field wpforms-field-email\" data-field-id=\"1\"><label class=\"wpforms-field-label\" for=\"wpforms-633-field_1\">Correo electr\u00f3nico <span class=\"wpforms-required-label\" aria-hidden=\"true\">*<\/span><\/label><input type=\"email\" id=\"wpforms-633-field_1\" class=\"wpforms-field-medium wpforms-field-required\" name=\"wpforms[fields][1]\" spellcheck=\"false\" aria-errormessage=\"wpforms-633-field_1-error\" required><\/div><div id=\"wpforms-633-field_2-container\" class=\"wpforms-field wpforms-field-textarea\" data-field-id=\"2\"><label class=\"wpforms-field-label\" for=\"wpforms-633-field_2\">Comentario o mensaje<\/label><textarea id=\"wpforms-633-field_2\" class=\"wpforms-field-medium\" name=\"wpforms[fields][2]\" aria-errormessage=\"wpforms-633-field_2-error\" ><\/textarea><\/div><script>\n\t\t\t\t( function() {\n\t\t\t\t\tconst style = document.createElement( 'style' );\n\t\t\t\t\tstyle.appendChild( document.createTextNode( '#wpforms-633-field_4-container { position: absolute !important; overflow: hidden !important; display: inline !important; height: 1px !important; width: 1px !important; z-index: -1000 !important; padding: 0 !important; } #wpforms-633-field_4-container input { visibility: hidden; } #wpforms-conversational-form-page #wpforms-633-field_4-container label { counter-increment: none; }' ) );\n\t\t\t\t\tdocument.head.appendChild( style );\n\t\t\t\t\tdocument.currentScript?.remove();\n\t\t\t\t} )();\n\t\t\t<\/script><\/div><!-- .wpforms-field-container --><div class=\"wpforms-recaptcha-container wpforms-is-recaptcha wpforms-is-recaptcha-type-v3\" ><input type=\"hidden\" name=\"wpforms[recaptcha]\" value=\"\"><\/div><div class=\"wpforms-submit-container\" ><input type=\"hidden\" name=\"wpforms[id]\" value=\"633\"><input type=\"hidden\" name=\"page_title\" value=\"\"><input type=\"hidden\" name=\"page_url\" value=\"https:\/\/gaiaelsalvador.org\/index.php?rest_route=\/wp\/v2\/pages\/455\"><input type=\"hidden\" name=\"url_referer\" value=\"\"><button type=\"submit\" name=\"wpforms[submit]\" id=\"wpforms-submit-633\" class=\"wpforms-submit\" data-alt-text=\"Enviando...\" data-submit-text=\"Enviar\" aria-live=\"assertive\" value=\"wpforms-submit\">Enviar<\/button><img decoding=\"async\" src=\"https:\/\/gaiaelsalvador.org\/wp-content\/plugins\/wpforms-lite\/assets\/images\/submit-spin.svg\" class=\"wpforms-submit-spinner\" style=\"display: none;\" width=\"26\" height=\"26\" alt=\"Cargando\"><\/div><\/form><\/div>  <!-- .wpforms-container -->\t\t\t\t<\/div>\n\t\t\t\t<\/div>\n\t\t\t\t\t<\/div>\n\t\t<\/div>\n\t\t\t\t\t<\/div>\n\t\t<\/section>\n\t\t\t\t<\/div>\n\t\t","protected":false},"excerpt":{"rendered":"<p>Direcci\u00f3n: Calle La Mascota, edificio #533&nbsp; Correo electr\u00f3nico: contactanos@gaiaelsalvador.org Tel\u00e9fonos: (503)&nbsp;2522 2854&nbsp;&nbsp;; (503) 7556-6421 S\u00edguenos a trav\u00e9s de nuestras redes sociales. Completa el siguiente formulario para podernos poner en contacto contigo.<\/p>\n","protected":false},"author":1,"featured_media":839,"parent":0,"menu_order":0,"comment_status":"closed","ping_status":"closed","template":"","meta":{"give_campaign_id":0,"_eb_attr":"","footnotes":""},"class_list":["post-455","page","type-page","status-publish","has-post-thumbnail","hentry"],"campaignId":"","rttpg_featured_image_url":{"full":["https:\/\/gaiaelsalvador.org\/wp-content\/uploads\/2024\/06\/intern6.png",2000,726,false],"landscape":["https:\/\/gaiaelsalvador.org\/wp-content\/uploads\/2024\/06\/intern6.png",2000,726,false],"portraits":["https:\/\/gaiaelsalvador.org\/wp-content\/uploads\/2024\/06\/intern6.png",2000,726,false],"thumbnail":["https:\/\/gaiaelsalvador.org\/wp-content\/uploads\/2024\/06\/intern6-150x150.png",150,150,true],"medium":["https:\/\/gaiaelsalvador.org\/wp-content\/uploads\/2024\/06\/intern6-300x109.png",300,109,true],"large":["https:\/\/gaiaelsalvador.org\/wp-content\/uploads\/2024\/06\/intern6-1024x372.png",950,345,true],"1536x1536":["https:\/\/gaiaelsalvador.org\/wp-content\/uploads\/2024\/06\/intern6-1536x558.png",1536,558,true],"2048x2048":["https:\/\/gaiaelsalvador.org\/wp-content\/uploads\/2024\/06\/intern6.png",2000,726,false],"inspiro-featured-image":["https:\/\/gaiaelsalvador.org\/wp-content\/uploads\/2024\/06\/intern6.png",2000,726,false],"inspiro-loop":["https:\/\/gaiaelsalvador.org\/wp-content\/uploads\/2024\/06\/intern6-950x320.png",950,320,true],"inspiro-loop@2x":["https:\/\/gaiaelsalvador.org\/wp-content\/uploads\/2024\/06\/intern6-1900x640.png",1900,640,true]},"rttpg_author":{"display_name":"javierhernandez.m@hotmail.com","author_link":"https:\/\/gaiaelsalvador.org\/?author=1"},"rttpg_comment":0,"rttpg_category":null,"rttpg_excerpt":"Direcci\u00f3n: Calle La Mascota, edificio #533&nbsp; Correo electr\u00f3nico: contactanos@gaiaelsalvador.org Tel\u00e9fonos: (503)&nbsp;2522 2854&nbsp;&nbsp;; (503) 7556-6421 S\u00edguenos a trav\u00e9s de nuestras redes sociales. Completa el siguiente formulario para podernos poner en contacto contigo.","_links":{"self":[{"href":"https:\/\/gaiaelsalvador.org\/index.php?rest_route=\/wp\/v2\/pages\/455","targetHints":{"allow":["GET"]}}],"collection":[{"href":"https:\/\/gaiaelsalvador.org\/index.php?rest_route=\/wp\/v2\/pages"}],"about":[{"href":"https:\/\/gaiaelsalvador.org\/index.php?rest_route=\/wp\/v2\/types\/page"}],"author":[{"embeddable":true,"href":"https:\/\/gaiaelsalvador.org\/index.php?rest_route=\/wp\/v2\/users\/1"}],"replies":[{"embeddable":true,"href":"https:\/\/gaiaelsalvador.org\/index.php?rest_route=%2Fwp%2Fv2%2Fcomments&post=455"}],"version-history":[{"count":49,"href":"https:\/\/gaiaelsalvador.org\/index.php?rest_route=\/wp\/v2\/pages\/455\/revisions"}],"predecessor-version":[{"id":840,"href":"https:\/\/gaiaelsalvador.org\/index.php?rest_route=\/wp\/v2\/pages\/455\/revisions\/840"}],"wp:featuredmedia":[{"embeddable":true,"href":"https:\/\/gaiaelsalvador.org\/index.php?rest_route=\/wp\/v2\/media\/839"}],"wp:attachment":[{"href":"https:\/\/gaiaelsalvador.org\/index.php?rest_route=%2Fwp%2Fv2%2Fmedia&parent=455"}],"curies":[{"name":"wp","href":"https:\/\/api.w.org\/{rel}","templated":true}]}}