{"id":529,"date":"2023-05-31T01:47:25","date_gmt":"2023-05-31T01:47:25","guid":{"rendered":"https:\/\/gaiaelsalvador.org\/?page_id=529"},"modified":"2025-09-01T17:38:43","modified_gmt":"2025-09-01T17:38:43","slug":"sobre-nosotros","status":"publish","type":"page","link":"https:\/\/gaiaelsalvador.org\/","title":{"rendered":"SOBRE NOSOTROS"},"content":{"rendered":"\t\t<div data-elementor-type=\"wp-page\" data-elementor-id=\"529\" class=\"elementor elementor-529\">\n\t\t\t\t\t\t<section class=\"elementor-section elementor-top-section elementor-element elementor-element-630fd92 elementor-section-boxed elementor-section-height-default elementor-section-height-default\" data-id=\"630fd92\" data-element_type=\"section\">\n\t\t\t\t\t\t<div class=\"elementor-container elementor-column-gap-default\">\n\t\t\t\t\t<div class=\"elementor-column elementor-col-100 elementor-top-column elementor-element elementor-element-1d4a956\" data-id=\"1d4a956\" data-element_type=\"column\">\n\t\t\t<div class=\"elementor-widget-wrap elementor-element-populated\">\n\t\t\t\t\t\t<div class=\"elementor-element elementor-element-6a7f56a elementor-widget elementor-widget-text-editor\" data-id=\"6a7f56a\" data-element_type=\"widget\" data-widget_type=\"text-editor.default\">\n\t\t\t\t<div class=\"elementor-widget-container\">\n\t\t\t\t\t\t\t\t\t<p>GAIA (palabra griega cuyo significado es Madre Tierra), es una Organizaci\u00f3n no Gubernamental sin fines de lucro, cuya finalidad es: Preservar, proteger y recuperar el medio ambiente, incorporando los conocimientos y acciones relacionados con el comportamiento del planeta como un SER VIVO en el que todos sus elementos interact\u00faan de manera integral; y Contribuir a mejorar la calidad de vida de la Sociedad Salvadore\u00f1a a trav\u00e9s del desarrollo Socio Ambiental. Sus fundadores y miembros se definen como Idealistas Emprendedores al servicio del Medio Ambiente y Desarrollo Socio Ambiental, bajo una perspectiva de ecolog\u00eda profunda y una visi\u00f3n del planeta en la que todos somos parte, es decir, biodiversidad y socio diversidad bajo el principio de unidad<\/p>\t\t\t\t\t\t\t\t<\/div>\n\t\t\t\t<\/div>\n\t\t\t\t\t<\/div>\n\t\t<\/div>\n\t\t\t\t\t<\/div>\n\t\t<\/section>\n\t\t\t\t<section class=\"elementor-section elementor-top-section elementor-element elementor-element-af7b2d1 elementor-section-boxed elementor-section-height-default elementor-section-height-default\" data-id=\"af7b2d1\" data-element_type=\"section\">\n\t\t\t\t\t\t<div class=\"elementor-container elementor-column-gap-default\">\n\t\t\t\t\t<div class=\"elementor-column elementor-col-100 elementor-top-column elementor-element elementor-element-4de66ee\" data-id=\"4de66ee\" data-element_type=\"column\">\n\t\t\t<div class=\"elementor-widget-wrap elementor-element-populated\">\n\t\t\t\t\t\t<div class=\"elementor-element elementor-element-296f832 elementor-widget elementor-widget-heading\" data-id=\"296f832\" data-element_type=\"widget\" data-widget_type=\"heading.default\">\n\t\t\t\t<div class=\"elementor-widget-container\">\n\t\t\t\t\t<h2 class=\"elementor-heading-title elementor-size-default\">VISI\u00d3N Y MISI\u00d3N<\/h2>\t\t\t\t<\/div>\n\t\t\t\t<\/div>\n\t\t\t\t\t<\/div>\n\t\t<\/div>\n\t\t\t\t\t<\/div>\n\t\t<\/section>\n\t\t\t\t<section class=\"elementor-section elementor-top-section elementor-element elementor-element-94955c5 elementor-section-boxed elementor-section-height-default elementor-section-height-default\" data-id=\"94955c5\" data-element_type=\"section\">\n\t\t\t\t\t\t<div class=\"elementor-container elementor-column-gap-default\">\n\t\t\t\t\t<div class=\"elementor-column elementor-col-100 elementor-top-column elementor-element elementor-element-0471b57\" data-id=\"0471b57\" data-element_type=\"column\">\n\t\t\t<div class=\"elementor-widget-wrap elementor-element-populated\">\n\t\t\t\t\t\t<div class=\"elementor-element elementor-element-29c1f16 elementor-widget elementor-widget-text-editor\" data-id=\"29c1f16\" data-element_type=\"widget\" data-widget_type=\"text-editor.default\">\n\t\t\t\t<div class=\"elementor-widget-container\">\n\t\t\t\t\t\t\t\t\t<p class=\"CDt4Ke zfr3Q\" dir=\"ltr\"><strong>Visi\u00f3n<\/strong><\/p>\n<p class=\"CDt4Ke zfr3Q\" dir=\"ltr\">Ser una organizaci\u00f3n l\u00edder en los procesos de educaci\u00f3n ambiental innovadores, gesti\u00f3n e integraci\u00f3n de \u00c1reas Protegidas, \u00c1reas de Conservaci\u00f3n, Reservas de Biosfera, conectividad y desarrollo socio ambiental en El Salvador.<\/p>\n<p class=\"CDt4Ke zfr3Q\" dir=\"ltr\"><strong>Misi\u00f3n<\/strong><\/p>\n<p class=\"CDt4Ke zfr3Q\" dir=\"ltr\">Ser la organizaci\u00f3n ecologista de vanguardia que promueve la educaci\u00f3n ambiental de forma innovadora, la gesti\u00f3n e integraci\u00f3n de las \u00c1reas Protegidas, \u00c1reas de Conservaci\u00f3n, las Reservas de Biosfera, la conectividad y el Desarrollo Socio Ambiental en El salvador.<\/p>\t\t\t\t\t\t\t\t<\/div>\n\t\t\t\t<\/div>\n\t\t\t\t\t<\/div>\n\t\t<\/div>\n\t\t\t\t\t<\/div>\n\t\t<\/section>\n\t\t\t\t<section class=\"elementor-section elementor-top-section elementor-element elementor-element-fb1eda3 elementor-section-boxed elementor-section-height-default elementor-section-height-default\" data-id=\"fb1eda3\" data-element_type=\"section\">\n\t\t\t\t\t\t<div class=\"elementor-container elementor-column-gap-default\">\n\t\t\t\t\t<div class=\"elementor-column elementor-col-100 elementor-top-column elementor-element elementor-element-f40adfd\" data-id=\"f40adfd\" data-element_type=\"column\">\n\t\t\t<div class=\"elementor-widget-wrap elementor-element-populated\">\n\t\t\t\t\t\t<div class=\"elementor-element elementor-element-cba0571 elementor-widget elementor-widget-heading\" data-id=\"cba0571\" data-element_type=\"widget\" data-widget_type=\"heading.default\">\n\t\t\t\t<div class=\"elementor-widget-container\">\n\t\t\t\t\t<h2 class=\"elementor-heading-title elementor-size-default\">ESTRUCTURA ORGANIZATIVA<\/h2>\t\t\t\t<\/div>\n\t\t\t\t<\/div>\n\t\t\t\t\t<\/div>\n\t\t<\/div>\n\t\t\t\t\t<\/div>\n\t\t<\/section>\n\t\t\t\t<section class=\"elementor-section elementor-top-section elementor-element elementor-element-edc9797 elementor-section-boxed elementor-section-height-default elementor-section-height-default\" data-id=\"edc9797\" data-element_type=\"section\">\n\t\t\t\t\t\t<div class=\"elementor-container elementor-column-gap-default\">\n\t\t\t\t\t<div class=\"elementor-column elementor-col-100 elementor-top-column elementor-element elementor-element-37806e8\" data-id=\"37806e8\" data-element_type=\"column\">\n\t\t\t<div class=\"elementor-widget-wrap elementor-element-populated\">\n\t\t\t\t\t\t<div class=\"elementor-element elementor-element-493f3c6 elementor-widget elementor-widget-image\" data-id=\"493f3c6\" data-element_type=\"widget\" data-widget_type=\"image.default\">\n\t\t\t\t<div class=\"elementor-widget-container\">\n\t\t\t\t\t\t\t\t\t\t\t\t\t\t\t<img fetchpriority=\"high\" decoding=\"async\" width=\"768\" height=\"411\" src=\"https:\/\/gaiaelsalvador.org\/wp-content\/uploads\/2023\/05\/EStructura-Prueba-G-1-768x411.png\" class=\"attachment-medium_large size-medium_large wp-image-445\" alt=\"\" srcset=\"https:\/\/gaiaelsalvador.org\/wp-content\/uploads\/2023\/05\/EStructura-Prueba-G-1-768x411.png 768w, https:\/\/gaiaelsalvador.org\/wp-content\/uploads\/2023\/05\/EStructura-Prueba-G-1-300x160.png 300w, https:\/\/gaiaelsalvador.org\/wp-content\/uploads\/2023\/05\/EStructura-Prueba-G-1-1024x548.png 1024w, https:\/\/gaiaelsalvador.org\/wp-content\/uploads\/2023\/05\/EStructura-Prueba-G-1-1536x821.png 1536w, https:\/\/gaiaelsalvador.org\/wp-content\/uploads\/2023\/05\/EStructura-Prueba-G-1-2048x1095.png 2048w, https:\/\/gaiaelsalvador.org\/wp-content\/uploads\/2023\/05\/EStructura-Prueba-G-1-2000x1070.png 2000w\" sizes=\"100vw\" \/>\t\t\t\t\t\t\t\t\t\t\t\t\t\t\t<\/div>\n\t\t\t\t<\/div>\n\t\t\t\t\t<\/div>\n\t\t<\/div>\n\t\t\t\t\t<\/div>\n\t\t<\/section>\n\t\t\t\t<section class=\"elementor-section elementor-top-section elementor-element elementor-element-93878c4 elementor-section-boxed elementor-section-height-default elementor-section-height-default\" data-id=\"93878c4\" data-element_type=\"section\">\n\t\t\t\t\t\t<div class=\"elementor-container elementor-column-gap-default\">\n\t\t\t\t\t<div class=\"elementor-column elementor-col-100 elementor-top-column elementor-element elementor-element-49f6a68\" data-id=\"49f6a68\" data-element_type=\"column\">\n\t\t\t<div class=\"elementor-widget-wrap elementor-element-populated\">\n\t\t\t\t\t\t<div class=\"elementor-element elementor-element-5fa26f5 elementor-widget elementor-widget-spacer\" data-id=\"5fa26f5\" data-element_type=\"widget\" data-widget_type=\"spacer.default\">\n\t\t\t\t<div class=\"elementor-widget-container\">\n\t\t\t\t\t\t\t<div class=\"elementor-spacer\">\n\t\t\t<div class=\"elementor-spacer-inner\"><\/div>\n\t\t<\/div>\n\t\t\t\t\t\t<\/div>\n\t\t\t\t<\/div>\n\t\t\t\t\t<\/div>\n\t\t<\/div>\n\t\t\t\t\t<\/div>\n\t\t<\/section>\n\t\t\t\t<section class=\"elementor-section elementor-top-section elementor-element elementor-element-66792d1 elementor-section-boxed elementor-section-height-default elementor-section-height-default\" data-id=\"66792d1\" data-element_type=\"section\">\n\t\t\t\t\t\t<div class=\"elementor-container elementor-column-gap-default\">\n\t\t\t\t\t<div class=\"elementor-column elementor-col-100 elementor-top-column elementor-element elementor-element-52cbcae\" data-id=\"52cbcae\" data-element_type=\"column\">\n\t\t\t<div class=\"elementor-widget-wrap elementor-element-populated\">\n\t\t\t\t\t\t<div class=\"elementor-element elementor-element-0bbfab2 elementor-widget elementor-widget-heading\" data-id=\"0bbfab2\" data-element_type=\"widget\" data-widget_type=\"heading.default\">\n\t\t\t\t<div class=\"elementor-widget-container\">\n\t\t\t\t\t<h2 class=\"elementor-heading-title elementor-size-default\">MARCO JUR\u00cdDICO<\/h2>\t\t\t\t<\/div>\n\t\t\t\t<\/div>\n\t\t\t\t\t<\/div>\n\t\t<\/div>\n\t\t\t\t\t<\/div>\n\t\t<\/section>\n\t\t\t\t<section class=\"elementor-section elementor-top-section elementor-element elementor-element-926e14b elementor-section-boxed elementor-section-height-default elementor-section-height-default\" data-id=\"926e14b\" data-element_type=\"section\">\n\t\t\t\t\t\t<div class=\"elementor-container elementor-column-gap-default\">\n\t\t\t\t\t<div class=\"elementor-column elementor-col-100 elementor-top-column elementor-element elementor-element-e0eec8f\" data-id=\"e0eec8f\" data-element_type=\"column\">\n\t\t\t<div class=\"elementor-widget-wrap elementor-element-populated\">\n\t\t\t\t\t\t<div class=\"elementor-element elementor-element-50dde24 elementor-widget elementor-widget-text-editor\" data-id=\"50dde24\" data-element_type=\"widget\" data-widget_type=\"text-editor.default\">\n\t\t\t\t<div class=\"elementor-widget-container\">\n\t\t\t\t\t\t\t\t\t<p class=\"CDt4Ke zfr3Q\" dir=\"ltr\">La Asociaci\u00f3n GAIA El Salvador, con sede principal y domiciliada en la ciudad de San Salvador, se encuentra inscrita en el Registro de Asociaciones y Fundaciones sin Fines de Lucro del Ministerio de Gobernaci\u00f3n.<\/p>\n<p class=\"CDt4Ke zfr3Q\" dir=\"ltr\">La Asociaci\u00f3n ha obtenido su Personer\u00eda Jur\u00eddica y probaci\u00f3n de sus Estatutos por medio del Acuerdo Ejecutivo n\u00famero 155 de fecha 7 de Noviembre de 2005, inscrita al n\u00famero 3 del libro 55 de Asociaciones Nacionales con fecha 30 de noviembre del mismo a\u00f1o, publicado en el diario Oficial en fecha 01 de diciembre de 2005.<\/p>\t\t\t\t\t\t\t\t<\/div>\n\t\t\t\t<\/div>\n\t\t\t\t\t<\/div>\n\t\t<\/div>\n\t\t\t\t\t<\/div>\n\t\t<\/section>\n\t\t\t\t<section class=\"elementor-section elementor-top-section elementor-element elementor-element-37fdc07 elementor-section-boxed elementor-section-height-default elementor-section-height-default\" data-id=\"37fdc07\" data-element_type=\"section\">\n\t\t\t\t\t\t<div class=\"elementor-container elementor-column-gap-default\">\n\t\t\t\t\t<div class=\"elementor-column elementor-col-100 elementor-top-column elementor-element elementor-element-87ec98b\" data-id=\"87ec98b\" data-element_type=\"column\">\n\t\t\t<div class=\"elementor-widget-wrap\">\n\t\t\t\t\t\t\t<\/div>\n\t\t<\/div>\n\t\t\t\t\t<\/div>\n\t\t<\/section>\n\t\t\t\t<\/div>\n\t\t","protected":false},"excerpt":{"rendered":"<p>GAIA (palabra griega cuyo significado es Madre Tierra), es una Organizaci\u00f3n no Gubernamental sin fines de lucro, cuya finalidad es: Preservar, proteger y recuperar el medio ambiente, incorporando los conocimientos y acciones relacionados con el comportamiento del planeta como un SER VIVO en el que todos sus elementos interact\u00faan de manera integral; y Contribuir a &hellip; <\/p>\n<p class=\"link-more\"><a href=\"https:\/\/gaiaelsalvador.org\/\" class=\"more-link\">Leer m\u00e1s<span class=\"screen-reader-text\"> \u00abSOBRE NOSOTROS\u00bb<\/span><\/a><\/p>\n","protected":false},"author":1,"featured_media":677,"parent":0,"menu_order":0,"comment_status":"closed","ping_status":"closed","template":"elementor_theme","meta":{"give_campaign_id":0,"_eb_attr":"","footnotes":""},"class_list":["post-529","page","type-page","status-publish","has-post-thumbnail","hentry"],"campaignId":"","rttpg_featured_image_url":{"full":["https:\/\/gaiaelsalvador.org\/wp-content\/uploads\/2023\/05\/ant-gb55732542_1280.jpg",1280,853,false],"landscape":["https:\/\/gaiaelsalvador.org\/wp-content\/uploads\/2023\/05\/ant-gb55732542_1280.jpg",1280,853,false],"portraits":["https:\/\/gaiaelsalvador.org\/wp-content\/uploads\/2023\/05\/ant-gb55732542_1280.jpg",1280,853,false],"thumbnail":["https:\/\/gaiaelsalvador.org\/wp-content\/uploads\/2023\/05\/ant-gb55732542_1280-150x150.jpg",150,150,true],"medium":["https:\/\/gaiaelsalvador.org\/wp-content\/uploads\/2023\/05\/ant-gb55732542_1280-300x200.jpg",300,200,true],"large":["https:\/\/gaiaelsalvador.org\/wp-content\/uploads\/2023\/05\/ant-gb55732542_1280-1024x682.jpg",950,633,true],"1536x1536":["https:\/\/gaiaelsalvador.org\/wp-content\/uploads\/2023\/05\/ant-gb55732542_1280.jpg",1280,853,false],"2048x2048":["https:\/\/gaiaelsalvador.org\/wp-content\/uploads\/2023\/05\/ant-gb55732542_1280.jpg",1280,853,false],"inspiro-featured-image":["https:\/\/gaiaelsalvador.org\/wp-content\/uploads\/2023\/05\/ant-gb55732542_1280.jpg",1280,853,false],"inspiro-loop":["https:\/\/gaiaelsalvador.org\/wp-content\/uploads\/2023\/05\/ant-gb55732542_1280-950x320.jpg",950,320,true],"inspiro-loop@2x":["https:\/\/gaiaelsalvador.org\/wp-content\/uploads\/2023\/05\/ant-gb55732542_1280-1280x640.jpg",1280,640,true]},"rttpg_author":{"display_name":"javierhernandez.m@hotmail.com","author_link":"https:\/\/gaiaelsalvador.org\/?author=1"},"rttpg_comment":0,"rttpg_category":null,"rttpg_excerpt":"GAIA (palabra griega cuyo significado es Madre Tierra), es una Organizaci\u00f3n no Gubernamental sin fines de lucro, cuya finalidad es: Preservar, proteger y recuperar el medio ambiente, incorporando los conocimientos y acciones relacionados con el comportamiento del planeta como un SER VIVO en el que todos sus elementos interact\u00faan de manera integral; y Contribuir a&hellip;","_links":{"self":[{"href":"https:\/\/gaiaelsalvador.org\/index.php?rest_route=\/wp\/v2\/pages\/529","targetHints":{"allow":["GET"]}}],"collection":[{"href":"https:\/\/gaiaelsalvador.org\/index.php?rest_route=\/wp\/v2\/pages"}],"about":[{"href":"https:\/\/gaiaelsalvador.org\/index.php?rest_route=\/wp\/v2\/types\/page"}],"author":[{"embeddable":true,"href":"https:\/\/gaiaelsalvador.org\/index.php?rest_route=\/wp\/v2\/users\/1"}],"replies":[{"embeddable":true,"href":"https:\/\/gaiaelsalvador.org\/index.php?rest_route=%2Fwp%2Fv2%2Fcomments&post=529"}],"version-history":[{"count":96,"href":"https:\/\/gaiaelsalvador.org\/index.php?rest_route=\/wp\/v2\/pages\/529\/revisions"}],"predecessor-version":[{"id":948,"href":"https:\/\/gaiaelsalvador.org\/index.php?rest_route=\/wp\/v2\/pages\/529\/revisions\/948"}],"wp:featuredmedia":[{"embeddable":true,"href":"https:\/\/gaiaelsalvador.org\/index.php?rest_route=\/wp\/v2\/media\/677"}],"wp:attachment":[{"href":"https:\/\/gaiaelsalvador.org\/index.php?rest_route=%2Fwp%2Fv2%2Fmedia&parent=529"}],"curies":[{"name":"wp","href":"https:\/\/api.w.org\/{rel}","templated":true}]}}