{"id":738,"date":"2023-06-08T23:06:34","date_gmt":"2023-06-08T23:06:34","guid":{"rendered":"https:\/\/gaiaelsalvador.org\/?page_id=738"},"modified":"2023-06-08T23:07:05","modified_gmt":"2023-06-08T23:07:05","slug":"voluntariado-ambiental","status":"publish","type":"page","link":"https:\/\/gaiaelsalvador.org\/?page_id=738","title":{"rendered":"Voluntariado Ambiental"},"content":{"rendered":"\t\t<div data-elementor-type=\"wp-page\" data-elementor-id=\"738\" class=\"elementor elementor-738\">\n\t\t\t\t\t\t<section class=\"elementor-section elementor-top-section elementor-element elementor-element-d90ad9f elementor-section-boxed elementor-section-height-default elementor-section-height-default\" data-id=\"d90ad9f\" data-element_type=\"section\">\n\t\t\t\t\t\t<div class=\"elementor-container elementor-column-gap-default\">\n\t\t\t\t\t<div class=\"elementor-column elementor-col-100 elementor-top-column elementor-element elementor-element-89a878b\" data-id=\"89a878b\" data-element_type=\"column\">\n\t\t\t<div class=\"elementor-widget-wrap elementor-element-populated\">\n\t\t\t\t\t\t<div class=\"elementor-element elementor-element-3f01578 elementor-widget elementor-widget-text-editor\" data-id=\"3f01578\" data-element_type=\"widget\" data-widget_type=\"text-editor.default\">\n\t\t\t\t<div class=\"elementor-widget-container\">\n\t\t\t\t\t\t\t\t\t<p>Si quieres formar parte del cambio en nuestra sociedad aportando tu experiencia y conocimiento en una causa justa para la protecci\u00f3n y conservaci\u00f3n de la naturaleza, te invitamos a formar parte de nuestros voluntarios ambientales, por lo que tendr\u00e1s que seguir el siguiente proceso:<\/p><ol><li>Completar el formulario de <a href=\"https:\/\/docs.google.com\/forms\/d\/e\/1FAIpQLSespddbVc1o4NePbzWAscfH0XNKcVHPz5SdQGp87iMaD9AiaQ\/viewform\">solicitud de inscripci\u00f3n de voluntariado<\/a> en l\u00ednea.<\/li><li>Te convocaremos a una reuni\u00f3n para conversar sobre tu inter\u00e9s de ser voluntario\/a.<\/li><li>Una vez aceptado se firmar\u00e1 una carta compromiso entre el o la voluntario\/a y Gaia.<\/li><\/ol><p>En este momento se solicita el apoyo de:<\/p><ul><li>Dise\u00f1ador Web<\/li><li>Dise\u00f1o Gr\u00e1fico<\/li><li>Formulaci\u00f3n y Gesti\u00f3n de proyectos<\/li><li>Comunicador de medios digitales.<ul><li>Montaje de radio y videos dig\u00edtales.<\/li><\/ul><\/li><\/ul><p>\u00a0<\/p>\t\t\t\t\t\t\t\t<\/div>\n\t\t\t\t<\/div>\n\t\t\t\t\t<\/div>\n\t\t<\/div>\n\t\t\t\t\t<\/div>\n\t\t<\/section>\n\t\t\t\t<\/div>\n\t\t","protected":false},"excerpt":{"rendered":"<p>Si quieres formar parte del cambio en nuestra sociedad aportando tu experiencia y conocimiento en una causa justa para la protecci\u00f3n y conservaci\u00f3n de la naturaleza, te invitamos a formar parte de nuestros voluntarios ambientales, por lo que tendr\u00e1s que seguir el siguiente proceso: Completar el formulario de solicitud de inscripci\u00f3n de voluntariado en l\u00ednea. &hellip; <\/p>\n<p class=\"link-more\"><a href=\"https:\/\/gaiaelsalvador.org\/?page_id=738\" class=\"more-link\">Leer m\u00e1s<span class=\"screen-reader-text\"> \u00abVoluntariado Ambiental\u00bb<\/span><\/a><\/p>\n","protected":false},"author":1,"featured_media":746,"parent":0,"menu_order":0,"comment_status":"closed","ping_status":"closed","template":"","meta":{"give_campaign_id":0,"_eb_attr":"","footnotes":""},"class_list":["post-738","page","type-page","status-publish","has-post-thumbnail","hentry"],"campaignId":"","rttpg_featured_image_url":{"full":["https:\/\/gaiaelsalvador.org\/wp-content\/uploads\/2023\/06\/IMG-20180526-WA0010.jpg",1040,780,false],"landscape":["https:\/\/gaiaelsalvador.org\/wp-content\/uploads\/2023\/06\/IMG-20180526-WA0010.jpg",1040,780,false],"portraits":["https:\/\/gaiaelsalvador.org\/wp-content\/uploads\/2023\/06\/IMG-20180526-WA0010.jpg",1040,780,false],"thumbnail":["https:\/\/gaiaelsalvador.org\/wp-content\/uploads\/2023\/06\/IMG-20180526-WA0010-150x150.jpg",150,150,true],"medium":["https:\/\/gaiaelsalvador.org\/wp-content\/uploads\/2023\/06\/IMG-20180526-WA0010-300x225.jpg",300,225,true],"large":["https:\/\/gaiaelsalvador.org\/wp-content\/uploads\/2023\/06\/IMG-20180526-WA0010-1024x768.jpg",950,713,true],"1536x1536":["https:\/\/gaiaelsalvador.org\/wp-content\/uploads\/2023\/06\/IMG-20180526-WA0010.jpg",1040,780,false],"2048x2048":["https:\/\/gaiaelsalvador.org\/wp-content\/uploads\/2023\/06\/IMG-20180526-WA0010.jpg",1040,780,false],"inspiro-featured-image":["https:\/\/gaiaelsalvador.org\/wp-content\/uploads\/2023\/06\/IMG-20180526-WA0010.jpg",1040,780,false],"inspiro-loop":["https:\/\/gaiaelsalvador.org\/wp-content\/uploads\/2023\/06\/IMG-20180526-WA0010-950x320.jpg",950,320,true],"inspiro-loop@2x":["https:\/\/gaiaelsalvador.org\/wp-content\/uploads\/2023\/06\/IMG-20180526-WA0010-1040x640.jpg",1040,640,true]},"rttpg_author":{"display_name":"javierhernandez.m@hotmail.com","author_link":"https:\/\/gaiaelsalvador.org\/?author=1"},"rttpg_comment":0,"rttpg_category":null,"rttpg_excerpt":"Si quieres formar parte del cambio en nuestra sociedad aportando tu experiencia y conocimiento en una causa justa para la protecci\u00f3n y conservaci\u00f3n de la naturaleza, te invitamos a formar parte de nuestros voluntarios ambientales, por lo que tendr\u00e1s que seguir el siguiente proceso: Completar el formulario de solicitud de inscripci\u00f3n de voluntariado en l\u00ednea.&hellip;","_links":{"self":[{"href":"https:\/\/gaiaelsalvador.org\/index.php?rest_route=\/wp\/v2\/pages\/738","targetHints":{"allow":["GET"]}}],"collection":[{"href":"https:\/\/gaiaelsalvador.org\/index.php?rest_route=\/wp\/v2\/pages"}],"about":[{"href":"https:\/\/gaiaelsalvador.org\/index.php?rest_route=\/wp\/v2\/types\/page"}],"author":[{"embeddable":true,"href":"https:\/\/gaiaelsalvador.org\/index.php?rest_route=\/wp\/v2\/users\/1"}],"replies":[{"embeddable":true,"href":"https:\/\/gaiaelsalvador.org\/index.php?rest_route=%2Fwp%2Fv2%2Fcomments&post=738"}],"version-history":[{"count":10,"href":"https:\/\/gaiaelsalvador.org\/index.php?rest_route=\/wp\/v2\/pages\/738\/revisions"}],"predecessor-version":[{"id":752,"href":"https:\/\/gaiaelsalvador.org\/index.php?rest_route=\/wp\/v2\/pages\/738\/revisions\/752"}],"wp:featuredmedia":[{"embeddable":true,"href":"https:\/\/gaiaelsalvador.org\/index.php?rest_route=\/wp\/v2\/media\/746"}],"wp:attachment":[{"href":"https:\/\/gaiaelsalvador.org\/index.php?rest_route=%2Fwp%2Fv2%2Fmedia&parent=738"}],"curies":[{"name":"wp","href":"https:\/\/api.w.org\/{rel}","templated":true}]}}