{"id":765,"date":"2023-06-10T03:42:05","date_gmt":"2023-06-10T03:42:05","guid":{"rendered":"https:\/\/gaiaelsalvador.org\/?page_id=765"},"modified":"2023-06-10T03:52:17","modified_gmt":"2023-06-10T03:52:17","slug":"blog","status":"publish","type":"page","link":"https:\/\/gaiaelsalvador.org\/?page_id=765","title":{"rendered":"Blog"},"content":{"rendered":"\t\t<div data-elementor-type=\"wp-page\" data-elementor-id=\"765\" class=\"elementor elementor-765\">\n\t\t\t\t\t\t<section class=\"elementor-section elementor-top-section elementor-element elementor-element-e64682b elementor-section-boxed elementor-section-height-default elementor-section-height-default\" data-id=\"e64682b\" data-element_type=\"section\">\n\t\t\t\t\t\t<div class=\"elementor-container elementor-column-gap-default\">\n\t\t\t\t\t<div class=\"elementor-column elementor-col-100 elementor-top-column elementor-element elementor-element-cffb1f7\" data-id=\"cffb1f7\" data-element_type=\"column\">\n\t\t\t<div class=\"elementor-widget-wrap elementor-element-populated\">\n\t\t\t\t\t\t<div class=\"elementor-element elementor-element-e11403c elementor-widget elementor-widget-text-editor\" data-id=\"e11403c\" data-element_type=\"widget\" data-widget_type=\"text-editor.default\">\n\t\t\t\t<div class=\"elementor-widget-container\">\n\t\t\t\t\t\t\t\t\t<p>El conocimiento de diferentes tem\u00e1ticas ambientales en El Salvador es de suma importancia por lo que este blog se converte en un recurso fundamental para promover la conciencia y la protecci\u00f3n del medio ambiente en el pa\u00eds. Al abordar una amplia gama de temas, como la conservaci\u00f3n de la biodiversidad, el manejo sostenible de la naturaleza, la gesti\u00f3n de residuos y el cambio clim\u00e1tico, entre otros, Gaia El Salvador brinda a los usuarios informaci\u00f3n valiosa y actualizada sobre los desaf\u00edos ambientales que enfrenta nuestro pa\u00eds. Al comprender estas tem\u00e1ticas, nuestros visitantes\u00a0 pueden educarse, tomar medidas m\u00e1s informadas y participar activamente en la conservaci\u00f3n y preservaci\u00f3n del entorno natural salvadore\u00f1o. En resumen, el acceso a diversas tem\u00e1ticas ambientales desempe\u00f1a un papel fundamental en la promoci\u00f3n de la sostenibilidad y la protecci\u00f3n del medio ambiente en el pa\u00eds.<\/p>\t\t\t\t\t\t\t\t<\/div>\n\t\t\t\t<\/div>\n\t\t\t\t\t<\/div>\n\t\t<\/div>\n\t\t\t\t\t<\/div>\n\t\t<\/section>\n\t\t\t\t<section class=\"elementor-section elementor-top-section elementor-element elementor-element-ad0e27d elementor-section-boxed elementor-section-height-default elementor-section-height-default\" data-id=\"ad0e27d\" data-element_type=\"section\">\n\t\t\t\t\t\t<div class=\"elementor-container elementor-column-gap-default\">\n\t\t\t\t\t<div class=\"elementor-column elementor-col-50 elementor-top-column elementor-element elementor-element-09fabd4\" data-id=\"09fabd4\" data-element_type=\"column\">\n\t\t\t<div class=\"elementor-widget-wrap elementor-element-populated\">\n\t\t\t\t\t\t<div class=\"elementor-element elementor-element-72d6df2 elementor-widget elementor-widget-heading\" data-id=\"72d6df2\" data-element_type=\"widget\" data-widget_type=\"heading.default\">\n\t\t\t\t<div class=\"elementor-widget-container\">\n\t\t\t\t\t<h2 class=\"elementor-heading-title elementor-size-default\"><a href=\"https:\/\/ecoesfera503.blogspot.com\/2023\/05\/cual-es-la-diferencia-entre-una-reserva.html\">\u00bfCu\u00e1l es la diferencia entre una Reserva de Biosfera y una \u00c1rea Natural Protegida en El Salvador?<\/a><\/h2>\t\t\t\t<\/div>\n\t\t\t\t<\/div>\n\t\t\t\t\t<\/div>\n\t\t<\/div>\n\t\t\t\t<div class=\"elementor-column elementor-col-50 elementor-top-column elementor-element elementor-element-6e8250a\" data-id=\"6e8250a\" data-element_type=\"column\">\n\t\t\t<div class=\"elementor-widget-wrap elementor-element-populated\">\n\t\t\t\t\t\t<div class=\"elementor-element elementor-element-e84c8ef elementor-widget elementor-widget-image\" data-id=\"e84c8ef\" data-element_type=\"widget\" data-widget_type=\"image.default\">\n\t\t\t\t<div class=\"elementor-widget-container\">\n\t\t\t\t\t\t\t\t\t\t\t\t\t\t\t<img fetchpriority=\"high\" decoding=\"async\" width=\"950\" height=\"576\" src=\"https:\/\/gaiaelsalvador.org\/wp-content\/uploads\/2023\/06\/Mapa-RBsv02.png\" class=\"attachment-large size-large wp-image-771\" alt=\"\" srcset=\"https:\/\/gaiaelsalvador.org\/wp-content\/uploads\/2023\/06\/Mapa-RBsv02.png 1005w, https:\/\/gaiaelsalvador.org\/wp-content\/uploads\/2023\/06\/Mapa-RBsv02-300x182.png 300w, https:\/\/gaiaelsalvador.org\/wp-content\/uploads\/2023\/06\/Mapa-RBsv02-768x465.png 768w\" sizes=\"100vw\" \/>\t\t\t\t\t\t\t\t\t\t\t\t\t\t\t<\/div>\n\t\t\t\t<\/div>\n\t\t\t\t\t<\/div>\n\t\t<\/div>\n\t\t\t\t\t<\/div>\n\t\t<\/section>\n\t\t\t\t<section class=\"elementor-section elementor-top-section elementor-element elementor-element-371b641 elementor-section-boxed elementor-section-height-default elementor-section-height-default\" data-id=\"371b641\" data-element_type=\"section\">\n\t\t\t\t\t\t<div class=\"elementor-container elementor-column-gap-default\">\n\t\t\t\t\t<div class=\"elementor-column elementor-col-25 elementor-top-column elementor-element elementor-element-2ac4468\" data-id=\"2ac4468\" data-element_type=\"column\">\n\t\t\t<div class=\"elementor-widget-wrap elementor-element-populated\">\n\t\t\t\t\t\t<div class=\"elementor-element elementor-element-47a1a92 elementor-widget elementor-widget-text-editor\" data-id=\"47a1a92\" data-element_type=\"widget\" data-widget_type=\"text-editor.default\">\n\t\t\t\t<div class=\"elementor-widget-container\">\n\t\t\t\t\t\t\t\t\t<p><a href=\"https:\/\/ecoesfera503.blogspot.com\/2023\/06\/manglares-en-el-salvador-desafios-y.html\"><strong>Manglares en El Salvador: Desaf\u00edos y oportunidades para su conservaci\u00f3n<\/strong><\/a><\/p>\t\t\t\t\t\t\t\t<\/div>\n\t\t\t\t<\/div>\n\t\t\t\t\t<\/div>\n\t\t<\/div>\n\t\t\t\t<div class=\"elementor-column elementor-col-25 elementor-top-column elementor-element elementor-element-6601fd4\" data-id=\"6601fd4\" data-element_type=\"column\">\n\t\t\t<div class=\"elementor-widget-wrap elementor-element-populated\">\n\t\t\t\t\t\t<div class=\"elementor-element elementor-element-22c179a elementor-widget elementor-widget-image\" data-id=\"22c179a\" data-element_type=\"widget\" data-widget_type=\"image.default\">\n\t\t\t\t<div class=\"elementor-widget-container\">\n\t\t\t\t\t\t\t\t\t\t\t\t\t\t\t<img decoding=\"async\" width=\"900\" height=\"519\" src=\"https:\/\/gaiaelsalvador.org\/wp-content\/uploads\/2023\/06\/manglar01.jpg\" class=\"attachment-large size-large wp-image-767\" alt=\"\" srcset=\"https:\/\/gaiaelsalvador.org\/wp-content\/uploads\/2023\/06\/manglar01.jpg 900w, https:\/\/gaiaelsalvador.org\/wp-content\/uploads\/2023\/06\/manglar01-300x173.jpg 300w, https:\/\/gaiaelsalvador.org\/wp-content\/uploads\/2023\/06\/manglar01-768x443.jpg 768w\" sizes=\"100vw\" \/>\t\t\t\t\t\t\t\t\t\t\t\t\t\t\t<\/div>\n\t\t\t\t<\/div>\n\t\t\t\t\t<\/div>\n\t\t<\/div>\n\t\t\t\t<div class=\"elementor-column elementor-col-25 elementor-top-column elementor-element elementor-element-6631300\" data-id=\"6631300\" data-element_type=\"column\">\n\t\t\t<div class=\"elementor-widget-wrap elementor-element-populated\">\n\t\t\t\t\t\t<div class=\"elementor-element elementor-element-81e8ec7 elementor-widget elementor-widget-text-editor\" data-id=\"81e8ec7\" data-element_type=\"widget\" data-widget_type=\"text-editor.default\">\n\t\t\t\t<div class=\"elementor-widget-container\">\n\t\t\t\t\t\t\t\t\t<p><a href=\"https:\/\/ecoesfera503.blogspot.com\/2023\/06\/la-importancia-de-conmemorar-el-dia.html\"><strong>La importancia de conmemorar el D\u00eda Mundial del Medio Ambiente en El Salvador<\/strong><\/a><\/p>\t\t\t\t\t\t\t\t<\/div>\n\t\t\t\t<\/div>\n\t\t\t\t\t<\/div>\n\t\t<\/div>\n\t\t\t\t<div class=\"elementor-column elementor-col-25 elementor-top-column elementor-element elementor-element-476ddc9\" data-id=\"476ddc9\" data-element_type=\"column\">\n\t\t\t<div class=\"elementor-widget-wrap elementor-element-populated\">\n\t\t\t\t\t\t<div class=\"elementor-element elementor-element-497ed75 elementor-widget elementor-widget-image\" data-id=\"497ed75\" data-element_type=\"widget\" data-widget_type=\"image.default\">\n\t\t\t\t<div class=\"elementor-widget-container\">\n\t\t\t\t\t\t\t\t\t\t\t\t\t\t\t<img decoding=\"async\" width=\"950\" height=\"950\" src=\"https:\/\/gaiaelsalvador.org\/wp-content\/uploads\/2023\/06\/fotor-ai-2023060514451-1024x1024.png\" class=\"attachment-large size-large wp-image-768\" alt=\"\" srcset=\"https:\/\/gaiaelsalvador.org\/wp-content\/uploads\/2023\/06\/fotor-ai-2023060514451-1024x1024.png 1024w, https:\/\/gaiaelsalvador.org\/wp-content\/uploads\/2023\/06\/fotor-ai-2023060514451-300x300.png 300w, https:\/\/gaiaelsalvador.org\/wp-content\/uploads\/2023\/06\/fotor-ai-2023060514451-150x150.png 150w, https:\/\/gaiaelsalvador.org\/wp-content\/uploads\/2023\/06\/fotor-ai-2023060514451-768x768.png 768w, https:\/\/gaiaelsalvador.org\/wp-content\/uploads\/2023\/06\/fotor-ai-2023060514451.png 1536w\" sizes=\"100vw\" \/>\t\t\t\t\t\t\t\t\t\t\t\t\t\t\t<\/div>\n\t\t\t\t<\/div>\n\t\t\t\t\t<\/div>\n\t\t<\/div>\n\t\t\t\t\t<\/div>\n\t\t<\/section>\n\t\t\t\t<section class=\"elementor-section elementor-top-section elementor-element elementor-element-4cb8c09 elementor-section-boxed elementor-section-height-default elementor-section-height-default\" data-id=\"4cb8c09\" data-element_type=\"section\">\n\t\t\t\t\t\t<div class=\"elementor-container elementor-column-gap-default\">\n\t\t\t\t\t<div class=\"elementor-column elementor-col-25 elementor-top-column elementor-element elementor-element-70504fa\" data-id=\"70504fa\" data-element_type=\"column\">\n\t\t\t<div class=\"elementor-widget-wrap\">\n\t\t\t\t\t\t\t<\/div>\n\t\t<\/div>\n\t\t\t\t<div class=\"elementor-column elementor-col-25 elementor-top-column elementor-element elementor-element-0a5f0e1\" data-id=\"0a5f0e1\" data-element_type=\"column\">\n\t\t\t<div class=\"elementor-widget-wrap\">\n\t\t\t\t\t\t\t<\/div>\n\t\t<\/div>\n\t\t\t\t<div class=\"elementor-column elementor-col-25 elementor-top-column elementor-element elementor-element-c825b34\" data-id=\"c825b34\" data-element_type=\"column\">\n\t\t\t<div class=\"elementor-widget-wrap\">\n\t\t\t\t\t\t\t<\/div>\n\t\t<\/div>\n\t\t\t\t<div class=\"elementor-column elementor-col-25 elementor-top-column elementor-element elementor-element-41376ea\" data-id=\"41376ea\" data-element_type=\"column\">\n\t\t\t<div class=\"elementor-widget-wrap\">\n\t\t\t\t\t\t\t<\/div>\n\t\t<\/div>\n\t\t\t\t\t<\/div>\n\t\t<\/section>\n\t\t\t\t<section class=\"elementor-section elementor-top-section elementor-element elementor-element-99e66df elementor-section-boxed elementor-section-height-default elementor-section-height-default\" data-id=\"99e66df\" data-element_type=\"section\">\n\t\t\t\t\t\t<div class=\"elementor-container elementor-column-gap-default\">\n\t\t\t\t\t<div class=\"elementor-column elementor-col-25 elementor-top-column elementor-element elementor-element-2ae6a53\" data-id=\"2ae6a53\" data-element_type=\"column\">\n\t\t\t<div class=\"elementor-widget-wrap elementor-element-populated\">\n\t\t\t\t\t\t<div class=\"elementor-element elementor-element-5d5e83d elementor-widget elementor-widget-text-editor\" data-id=\"5d5e83d\" data-element_type=\"widget\" data-widget_type=\"text-editor.default\">\n\t\t\t\t<div class=\"elementor-widget-container\">\n\t\t\t\t\t\t\t\t\t<p><a href=\"https:\/\/ecoesfera503.blogspot.com\/2023\/05\/corredores-ecologicos-urbanos-una.html\"><strong>Corredores Ecol\u00f3gicos Urbanos: Una alternativa para fortalecer la Biodiversidad Urbana y las Ciudades de El Salvador.<\/strong><\/a><\/p>\t\t\t\t\t\t\t\t<\/div>\n\t\t\t\t<\/div>\n\t\t\t\t\t<\/div>\n\t\t<\/div>\n\t\t\t\t<div class=\"elementor-column elementor-col-25 elementor-top-column elementor-element elementor-element-530960b\" data-id=\"530960b\" data-element_type=\"column\">\n\t\t\t<div class=\"elementor-widget-wrap elementor-element-populated\">\n\t\t\t\t\t\t<div class=\"elementor-element elementor-element-d5d50ec elementor-widget elementor-widget-image\" data-id=\"d5d50ec\" data-element_type=\"widget\" data-widget_type=\"image.default\">\n\t\t\t\t<div class=\"elementor-widget-container\">\n\t\t\t\t\t\t\t\t\t\t\t\t\t\t\t<img loading=\"lazy\" decoding=\"async\" width=\"950\" height=\"698\" src=\"https:\/\/gaiaelsalvador.org\/wp-content\/uploads\/2023\/06\/cb-urbano-colombia-1024x752.jpg\" class=\"attachment-large size-large wp-image-769\" alt=\"\" srcset=\"https:\/\/gaiaelsalvador.org\/wp-content\/uploads\/2023\/06\/cb-urbano-colombia-1024x752.jpg 1024w, https:\/\/gaiaelsalvador.org\/wp-content\/uploads\/2023\/06\/cb-urbano-colombia-300x220.jpg 300w, https:\/\/gaiaelsalvador.org\/wp-content\/uploads\/2023\/06\/cb-urbano-colombia-768x564.jpg 768w, https:\/\/gaiaelsalvador.org\/wp-content\/uploads\/2023\/06\/cb-urbano-colombia.jpg 1362w\" sizes=\"100vw\" \/>\t\t\t\t\t\t\t\t\t\t\t\t\t\t\t<\/div>\n\t\t\t\t<\/div>\n\t\t\t\t\t<\/div>\n\t\t<\/div>\n\t\t\t\t<div class=\"elementor-column elementor-col-25 elementor-top-column elementor-element elementor-element-9dd9f6a\" data-id=\"9dd9f6a\" data-element_type=\"column\">\n\t\t\t<div class=\"elementor-widget-wrap elementor-element-populated\">\n\t\t\t\t\t\t<div class=\"elementor-element elementor-element-ec570e5 elementor-widget elementor-widget-text-editor\" data-id=\"ec570e5\" data-element_type=\"widget\" data-widget_type=\"text-editor.default\">\n\t\t\t\t<div class=\"elementor-widget-container\">\n\t\t\t\t\t\t\t\t\t<p><strong><a href=\"https:\/\/ecoesfera503.blogspot.com\/2023\/05\/el-salvador-y-la-importancia-de-la.html\">El Salvador y la Importancia de la Conservaci\u00f3n de la Biodiversidad.<\/a><\/strong><\/p>\t\t\t\t\t\t\t\t<\/div>\n\t\t\t\t<\/div>\n\t\t\t\t\t<\/div>\n\t\t<\/div>\n\t\t\t\t<div class=\"elementor-column elementor-col-25 elementor-top-column elementor-element elementor-element-26e2556\" data-id=\"26e2556\" data-element_type=\"column\">\n\t\t\t<div class=\"elementor-widget-wrap elementor-element-populated\">\n\t\t\t\t\t\t<div class=\"elementor-element elementor-element-81885af elementor-widget elementor-widget-image\" data-id=\"81885af\" data-element_type=\"widget\" data-widget_type=\"image.default\">\n\t\t\t\t<div class=\"elementor-widget-container\">\n\t\t\t\t\t\t\t\t\t\t\t\t\t\t\t<img loading=\"lazy\" decoding=\"async\" width=\"950\" height=\"570\" src=\"https:\/\/gaiaelsalvador.org\/wp-content\/uploads\/2023\/06\/f1-1024x614.jpg\" class=\"attachment-large size-large wp-image-770\" alt=\"\" srcset=\"https:\/\/gaiaelsalvador.org\/wp-content\/uploads\/2023\/06\/f1-1024x614.jpg 1024w, https:\/\/gaiaelsalvador.org\/wp-content\/uploads\/2023\/06\/f1-300x180.jpg 300w, https:\/\/gaiaelsalvador.org\/wp-content\/uploads\/2023\/06\/f1-768x461.jpg 768w, https:\/\/gaiaelsalvador.org\/wp-content\/uploads\/2023\/06\/f1-1536x921.jpg 1536w, https:\/\/gaiaelsalvador.org\/wp-content\/uploads\/2023\/06\/f1-2000x1199.jpg 2000w, https:\/\/gaiaelsalvador.org\/wp-content\/uploads\/2023\/06\/f1.jpg 2048w\" sizes=\"100vw\" \/>\t\t\t\t\t\t\t\t\t\t\t\t\t\t\t<\/div>\n\t\t\t\t<\/div>\n\t\t\t\t\t<\/div>\n\t\t<\/div>\n\t\t\t\t\t<\/div>\n\t\t<\/section>\n\t\t\t\t<\/div>\n\t\t","protected":false},"excerpt":{"rendered":"<p>El conocimiento de diferentes tem\u00e1ticas ambientales en El Salvador es de suma importancia por lo que este blog se converte en un recurso fundamental para promover la conciencia y la protecci\u00f3n del medio ambiente en el pa\u00eds. Al abordar una amplia gama de temas, como la conservaci\u00f3n de la biodiversidad, el manejo sostenible de la &hellip; <\/p>\n<p class=\"link-more\"><a href=\"https:\/\/gaiaelsalvador.org\/?page_id=765\" class=\"more-link\">Leer m\u00e1s<span class=\"screen-reader-text\"> \u00abBlog\u00bb<\/span><\/a><\/p>\n","protected":false},"author":1,"featured_media":772,"parent":0,"menu_order":0,"comment_status":"closed","ping_status":"closed","template":"","meta":{"give_campaign_id":0,"_eb_attr":"","footnotes":""},"class_list":["post-765","page","type-page","status-publish","has-post-thumbnail","hentry"],"campaignId":"","rttpg_featured_image_url":{"full":["https:\/\/gaiaelsalvador.org\/wp-content\/uploads\/2023\/06\/012ef6fb-8714-4e58-865b-a387014495e2.jpg",1024,1024,false],"landscape":["https:\/\/gaiaelsalvador.org\/wp-content\/uploads\/2023\/06\/012ef6fb-8714-4e58-865b-a387014495e2.jpg",1024,1024,false],"portraits":["https:\/\/gaiaelsalvador.org\/wp-content\/uploads\/2023\/06\/012ef6fb-8714-4e58-865b-a387014495e2.jpg",1024,1024,false],"thumbnail":["https:\/\/gaiaelsalvador.org\/wp-content\/uploads\/2023\/06\/012ef6fb-8714-4e58-865b-a387014495e2-150x150.jpg",150,150,true],"medium":["https:\/\/gaiaelsalvador.org\/wp-content\/uploads\/2023\/06\/012ef6fb-8714-4e58-865b-a387014495e2-300x300.jpg",300,300,true],"large":["https:\/\/gaiaelsalvador.org\/wp-content\/uploads\/2023\/06\/012ef6fb-8714-4e58-865b-a387014495e2.jpg",950,950,false],"1536x1536":["https:\/\/gaiaelsalvador.org\/wp-content\/uploads\/2023\/06\/012ef6fb-8714-4e58-865b-a387014495e2.jpg",1024,1024,false],"2048x2048":["https:\/\/gaiaelsalvador.org\/wp-content\/uploads\/2023\/06\/012ef6fb-8714-4e58-865b-a387014495e2.jpg",1024,1024,false],"inspiro-featured-image":["https:\/\/gaiaelsalvador.org\/wp-content\/uploads\/2023\/06\/012ef6fb-8714-4e58-865b-a387014495e2.jpg",1024,1024,false],"inspiro-loop":["https:\/\/gaiaelsalvador.org\/wp-content\/uploads\/2023\/06\/012ef6fb-8714-4e58-865b-a387014495e2-950x320.jpg",950,320,true],"inspiro-loop@2x":["https:\/\/gaiaelsalvador.org\/wp-content\/uploads\/2023\/06\/012ef6fb-8714-4e58-865b-a387014495e2-1024x640.jpg",1024,640,true]},"rttpg_author":{"display_name":"javierhernandez.m@hotmail.com","author_link":"https:\/\/gaiaelsalvador.org\/?author=1"},"rttpg_comment":0,"rttpg_category":null,"rttpg_excerpt":"El conocimiento de diferentes tem\u00e1ticas ambientales en El Salvador es de suma importancia por lo que este blog se converte en un recurso fundamental para promover la conciencia y la protecci\u00f3n del medio ambiente en el pa\u00eds. Al abordar una amplia gama de temas, como la conservaci\u00f3n de la biodiversidad, el manejo sostenible de la&hellip;","_links":{"self":[{"href":"https:\/\/gaiaelsalvador.org\/index.php?rest_route=\/wp\/v2\/pages\/765","targetHints":{"allow":["GET"]}}],"collection":[{"href":"https:\/\/gaiaelsalvador.org\/index.php?rest_route=\/wp\/v2\/pages"}],"about":[{"href":"https:\/\/gaiaelsalvador.org\/index.php?rest_route=\/wp\/v2\/types\/page"}],"author":[{"embeddable":true,"href":"https:\/\/gaiaelsalvador.org\/index.php?rest_route=\/wp\/v2\/users\/1"}],"replies":[{"embeddable":true,"href":"https:\/\/gaiaelsalvador.org\/index.php?rest_route=%2Fwp%2Fv2%2Fcomments&post=765"}],"version-history":[{"count":7,"href":"https:\/\/gaiaelsalvador.org\/index.php?rest_route=\/wp\/v2\/pages\/765\/revisions"}],"predecessor-version":[{"id":779,"href":"https:\/\/gaiaelsalvador.org\/index.php?rest_route=\/wp\/v2\/pages\/765\/revisions\/779"}],"wp:featuredmedia":[{"embeddable":true,"href":"https:\/\/gaiaelsalvador.org\/index.php?rest_route=\/wp\/v2\/media\/772"}],"wp:attachment":[{"href":"https:\/\/gaiaelsalvador.org\/index.php?rest_route=%2Fwp%2Fv2%2Fmedia&parent=765"}],"curies":[{"name":"wp","href":"https:\/\/api.w.org\/{rel}","templated":true}]}}